{"id":456,"date":"2016-10-21T10:38:53","date_gmt":"2016-10-21T09:38:53","guid":{"rendered":"http:\/\/wg-chramershus.ch\/page\/?page_id=456"},"modified":"2024-10-25T17:13:00","modified_gmt":"2024-10-25T16:13:00","slug":"wohnen","status":"publish","type":"page","link":"https:\/\/wg-chramershus.ch\/page\/wohnen\/","title":{"rendered":"Wohnen"},"content":{"rendered":"[vc_row type=&#8220;full_width_content&#8220; full_screen_row_position=&#8220;middle&#8220; column_margin=&#8220;default&#8220; column_direction=&#8220;default&#8220; column_direction_tablet=&#8220;default&#8220; column_direction_phone=&#8220;default&#8220; bg_color=&#8220;#e2e2e2&#8243; bg_image=&#8220;852&#8243; bg_position=&#8220;center bottom&#8220; background_image_loading=&#8220;default&#8220; bg_repeat=&#8220;no-repeat&#8220; scene_position=&#8220;center&#8220; text_color=&#8220;dark&#8220; text_align=&#8220;left&#8220; row_border_radius=&#8220;none&#8220; row_border_radius_applies=&#8220;bg&#8220; zindex=&#8220;-1&#8243; overflow=&#8220;visible&#8220; enable_gradient=&#8220;true&#8220; color_overlay_2=&#8220;#333333&#8243; overlay_strength=&#8220;0.5&#8243; gradient_direction=&#8220;top_to_bottom&#8220; shape_divider_position=&#8220;bottom&#8220; bg_image_animation=&#8220;none&#8220; parallax_bg=&#8220;true&#8220; parallax_bg_speed=&#8220;slow&#8220; shape_type=&#8220;&#8220;][vc_column column_padding=&#8220;no-extra-padding&#8220; column_padding_tablet=&#8220;inherit&#8220; column_padding_phone=&#8220;inherit&#8220; column_padding_position=&#8220;all&#8220; column_element_direction_desktop=&#8220;default&#8220; column_element_spacing=&#8220;default&#8220; desktop_text_alignment=&#8220;default&#8220; tablet_text_alignment=&#8220;default&#8220; phone_text_alignment=&#8220;default&#8220; background_color_opacity=&#8220;1&#8243; background_hover_color_opacity=&#8220;1&#8243; column_backdrop_filter=&#8220;none&#8220; column_shadow=&#8220;none&#8220; column_border_radius=&#8220;none&#8220; column_link_target=&#8220;_self&#8220; column_position=&#8220;default&#8220; gradient_direction=&#8220;left_to_right&#8220; overlay_strength=&#8220;0.3&#8243; width=&#8220;1\/1&#8243; tablet_width_inherit=&#8220;default&#8220; animation_type=&#8220;default&#8220; bg_image_animation=&#8220;none&#8220; border_type=&#8220;simple&#8220; column_border_width=&#8220;none&#8220; column_border_style=&#8220;solid&#8220;][vc_gallery type=&#8220;nectarslider_style&#8220; images=&#8220;1379,1359,1222,1199&#8243; image_loading=&#8220;default&#8220; ns_image_rendering=&#8220;default&#8220; ns_image_aspect_ratio=&#8220;default&#8220; hide_arrow_navigation=&#8220;true&#8220; bullet_navigation_style=&#8220;see_through&#8220; onclick=&#8220;link_no&#8220; img_size=&#8220;1200 x 600&#8243;][\/vc_column][\/vc_row][vc_row type=&#8220;in_container&#8220; full_screen_row_position=&#8220;middle&#8220; column_margin=&#8220;default&#8220; column_direction=&#8220;default&#8220; column_direction_tablet=&#8220;default&#8220; column_direction_phone=&#8220;default&#8220; bg_color=&#8220;#f9f9f9&#8243; scene_position=&#8220;center&#8220; top_padding=&#8220;4%&#8220; constrain_group_1=&#8220;yes&#8220; bottom_padding=&#8220;4%&#8220; text_color=&#8220;dark&#8220; text_align=&#8220;left&#8220; row_border_radius=&#8220;none&#8220; row_border_radius_applies=&#8220;bg&#8220; overflow=&#8220;visible&#8220; overlay_strength=&#8220;0.3&#8243; gradient_direction=&#8220;left_to_right&#8220; shape_divider_position=&#8220;bottom&#8220; bg_image_animation=&#8220;none&#8220; shape_type=&#8220;&#8220;][vc_column column_padding=&#8220;padding-4-percent&#8220; column_padding_tablet=&#8220;inherit&#8220; column_padding_phone=&#8220;inherit&#8220; column_padding_position=&#8220;all&#8220; column_element_direction_desktop=&#8220;default&#8220; column_element_spacing=&#8220;default&#8220; centered_text=&#8220;true&#8220; desktop_text_alignment=&#8220;default&#8220; tablet_text_alignment=&#8220;default&#8220; phone_text_alignment=&#8220;default&#8220; background_color_opacity=&#8220;1&#8243; background_hover_color_opacity=&#8220;1&#8243; column_backdrop_filter=&#8220;none&#8220; column_shadow=&#8220;none&#8220; column_border_radius=&#8220;none&#8220; column_link_target=&#8220;_self&#8220; column_position=&#8220;default&#8220; gradient_direction=&#8220;left_to_right&#8220; overlay_strength=&#8220;0.3&#8243; width=&#8220;1\/1&#8243; tablet_width_inherit=&#8220;default&#8220; animation_type=&#8220;default&#8220; bg_image_animation=&#8220;none&#8220; border_type=&#8220;simple&#8220; column_border_width=&#8220;none&#8220; column_border_style=&#8220;solid&#8220;][vc_column_text]\n<h1 style=\"text-align: center;\">Wohnen<\/h1>\n[\/vc_column_text][divider line_type=&#8220;No Line&#8220; custom_height=&#8220;80&#8243;][vc_column_text css=&#8220;&#8220; max_width=&#8220;800&#8243; text_direction=&#8220;default&#8220;]Wir bieten Betreuung und Pflege in unserer Wohngemeinschaft an. Unser Angebot umfasst Wohnen, Besch\u00e4ftigung und Freizeit in einer betreuten Wohnform. Es stehen viele verschiedene und moderne R\u00e4umlichkeiten zur Verf\u00fcgung. Die Einzelzimmer sind gross und ger\u00e4umig mit separatem WC und Lavabo. Eine grosse Terrasse und ein Garten mit Sitzplatz sowie ein gem\u00fctliches Gartenhaus stehen allen zur Verf\u00fcgung. Die Zimmer k\u00f6nnen m\u00f6bliert oder unm\u00f6bliert bezogen werden.[\/vc_column_text][\/vc_column][\/vc_row][vc_row type=&#8220;in_container&#8220; full_screen_row_position=&#8220;middle&#8220; column_margin=&#8220;default&#8220; column_direction=&#8220;default&#8220; column_direction_tablet=&#8220;default&#8220; column_direction_phone=&#8220;default&#8220; bg_color=&#8220;#f9f9f9&#8243; scene_position=&#8220;center&#8220; top_padding=&#8220;4%&#8220; constrain_group_1=&#8220;yes&#8220; bottom_padding=&#8220;4%&#8220; translate_y=&#8220;-20%&#8220; text_color=&#8220;dark&#8220; text_align=&#8220;left&#8220; row_border_radius=&#8220;none&#8220; row_border_radius_applies=&#8220;bg&#8220; overflow=&#8220;visible&#8220; overlay_strength=&#8220;0.3&#8243; gradient_direction=&#8220;left_to_right&#8220; shape_divider_position=&#8220;bottom&#8220; bg_image_animation=&#8220;none&#8220; shape_type=&#8220;&#8220;][vc_column column_padding=&#8220;no-extra-padding&#8220; column_padding_tablet=&#8220;inherit&#8220; column_padding_phone=&#8220;inherit&#8220; column_padding_position=&#8220;all&#8220; column_element_direction_desktop=&#8220;default&#8220; column_element_spacing=&#8220;default&#8220; desktop_text_alignment=&#8220;default&#8220; tablet_text_alignment=&#8220;default&#8220; phone_text_alignment=&#8220;default&#8220; background_color_opacity=&#8220;1&#8243; background_hover_color_opacity=&#8220;1&#8243; column_backdrop_filter=&#8220;none&#8220; column_shadow=&#8220;none&#8220; column_border_radius=&#8220;none&#8220; column_link_target=&#8220;_self&#8220; column_position=&#8220;default&#8220; gradient_direction=&#8220;left_to_right&#8220; overlay_strength=&#8220;0.3&#8243; width=&#8220;1\/1&#8243; tablet_width_inherit=&#8220;default&#8220; animation_type=&#8220;default&#8220; bg_image_animation=&#8220;none&#8220; border_type=&#8220;simple&#8220; column_border_width=&#8220;none&#8220; column_border_style=&#8220;solid&#8220;][vc_column_text]\n<h2 style=\"text-align: center;\">Informationen<\/h2>\n[\/vc_column_text][toggles style=&#8220;minimal&#8220;][toggle color=&#8220;Default&#8220; heading_tag=&#8220;default&#8220; heading_tag_functionality=&#8220;default&#8220; title=&#8220;Freie Pl\u00e4tze&#8220;][vc_column_text css=&#8220;&#8220; text_direction=&#8220;default&#8220;]\n<article id=\"post\" class=\"clearfix\">\n<article id=\"post\" class=\"clearfix\">\n<div class=\"entry clearfix fitvids\">\n<p>Wir haben einen freien Platz. Gerne d\u00fcrfen Sie mit uns Kontakt aufnehmen.<\/p>\n<\/div>\n<\/article>\n<aside id=\"sidebar\">\n<div class=\"sidebar-box widget_search clearfix\"><\/div>\n<\/aside>\n<\/article>\n[\/vc_column_text][vc_column_text][\/vc_column_text][\/toggle][toggle color=&#8220;Default&#8220; heading_tag=&#8220;default&#8220; heading_tag_functionality=&#8220;default&#8220; title=&#8220;Schnuppern&#8220;][vc_column_text]\n<article id=\"post\" class=\"clearfix\">\n<div class=\"entry clearfix fitvids\">\n<p>Wir legen Wert auf ein gegenseitiges Kennenlernen. Ein vorg\u00e4ngiger Besuch bei uns und ein Gespr\u00e4ch mit Angeh\u00f6rigen\/Beistand sind w\u00fcnschenswert. Die Interessenten sollen mitbestimmen k\u00f6nnen, ob sie sich ein Zuhause bei uns auf der Wohngruppe vorstellen k\u00f6nnen. Wir bieten bei Interesse einen Schnupperaufenthalt von 1-2 Wochen auf der Wohngruppe an.<\/p>\n<\/div>\n<\/article>\n<aside id=\"sidebar\">\n<div class=\"sidebar-box widget_search clearfix\"><\/div>\n<\/aside>\n[\/vc_column_text][vc_column_text][\/vc_column_text][\/toggle][toggle color=&#8220;Default&#8220; heading_tag=&#8220;default&#8220; heading_tag_functionality=&#8220;default&#8220; title=&#8220;R\u00e4umlichkeiten&#8220;][vc_row_inner column_margin=&#8220;default&#8220; column_direction=&#8220;default&#8220; column_direction_tablet=&#8220;default&#8220; column_direction_phone=&#8220;default&#8220; text_align=&#8220;left&#8220; row_position=&#8220;default&#8220; row_position_tablet=&#8220;inherit&#8220; row_position_phone=&#8220;inherit&#8220; overflow=&#8220;visible&#8220; pointer_events=&#8220;all&#8220;][vc_column_inner column_padding=&#8220;no-extra-padding&#8220; column_padding_tablet=&#8220;inherit&#8220; column_padding_phone=&#8220;inherit&#8220; column_padding_position=&#8220;all&#8220; column_element_direction_desktop=&#8220;default&#8220; column_element_spacing=&#8220;default&#8220; desktop_text_alignment=&#8220;default&#8220; tablet_text_alignment=&#8220;default&#8220; phone_text_alignment=&#8220;default&#8220; background_color_opacity=&#8220;1&#8243; background_hover_color_opacity=&#8220;1&#8243; column_backdrop_filter=&#8220;none&#8220; column_shadow=&#8220;none&#8220; column_border_radius=&#8220;none&#8220; column_link_target=&#8220;_self&#8220; overflow=&#8220;visible&#8220; gradient_direction=&#8220;left_to_right&#8220; overlay_strength=&#8220;0.3&#8243; width=&#8220;1\/2&#8243; tablet_width_inherit=&#8220;default&#8220; animation_type=&#8220;default&#8220; bg_image_animation=&#8220;none&#8220; border_type=&#8220;simple&#8220; column_border_width=&#8220;none&#8220; column_border_style=&#8220;solid&#8220;][vc_column_text]\n<article id=\"post\" class=\"clearfix\">\n<div class=\"entry clearfix fitvids\">\n<ul>\n<li>Ein Fitness-Raum steht den Bewohnenden zur Verf\u00fcgung.<\/li>\n<li>Der ideale Mehrzweckraum im Keller dient f\u00fcr Spiel und Spass. Er beinhaltet ein Heimkino mit Grossleinwand, eine gem\u00fctliche Sitzecke mit einer kleinen K\u00fcche, Tanzfl\u00e4che etc.<\/li>\n<li>Die grossr\u00e4umige Waschk\u00fcche erm\u00f6glicht es, die allt\u00e4glichen W\u00e4schearbeiten gemeinsam zu erledigen.<\/li>\n<li>Eine moderne Werkstatt f\u00fcr Holzbearbeitung, Basteln, Malen, Reparaturarbeiten etc. befindet sich im Parterre.<\/li>\n<li>Ein Atelier f\u00fcr pers\u00f6nliche Besch\u00e4ftigungen und kreative Arbeiten ist vorhanden.<\/li>\n<li>Die grossz\u00fcgige K\u00fcche erm\u00f6glicht den Bewohnenden mitzuhelfen beim Kochen, Servieren, Abwasch und Reinigung.<\/li>\n<li>Im Speisesaal wird gemeinsam das Essen eingenommen. Es gibt auch gen\u00fcgen Platz um zu spielen, tanzen etc.<\/li>\n<li>Der Aufenthaltsraum soll eine gem\u00fctliche Atmosph\u00e4re bieten. Er dient zum Lesen, Fernsehen, Singen und als Aufenthaltsort w\u00e4hrend der Freizeit.<\/li>\n<\/ul>\n<\/div>\n<\/article>\n[\/vc_column_text][\/vc_column_inner][vc_column_inner column_padding=&#8220;no-extra-padding&#8220; column_padding_tablet=&#8220;inherit&#8220; column_padding_phone=&#8220;inherit&#8220; column_padding_position=&#8220;all&#8220; column_element_direction_desktop=&#8220;default&#8220; column_element_spacing=&#8220;default&#8220; desktop_text_alignment=&#8220;default&#8220; tablet_text_alignment=&#8220;default&#8220; phone_text_alignment=&#8220;default&#8220; background_color_opacity=&#8220;1&#8243; background_hover_color_opacity=&#8220;1&#8243; column_backdrop_filter=&#8220;none&#8220; column_shadow=&#8220;none&#8220; column_border_radius=&#8220;none&#8220; column_link_target=&#8220;_self&#8220; overflow=&#8220;visible&#8220; gradient_direction=&#8220;left_to_right&#8220; overlay_strength=&#8220;0.3&#8243; width=&#8220;1\/2&#8243; tablet_width_inherit=&#8220;default&#8220; animation_type=&#8220;default&#8220; bg_image_animation=&#8220;none&#8220; border_type=&#8220;simple&#8220; column_border_width=&#8220;none&#8220; column_border_style=&#8220;solid&#8220;][vc_column_text]\n<ul>\n<li>Die grossfl\u00e4chige Terrasse entlang der ganzen s\u00fcdlichen Fassade kann f\u00fcr pers\u00f6nliche wie auch f\u00fcr gemeinschaftliche Zwecke ben\u00fctzt werden. Je nach Wunsch und Bed\u00fcrfnis kann der Vorplatz der dazugeh\u00f6renden Zimmer abgegrenzt werden.<\/li>\n<li>Wir wollen den Bewohnerinnen und Bewohnern ein individuelles Raumangebot bieten. Die Selbstm\u00f6blierung der Einzelzimmer wie auch das Gestalten des eigenen Zimmers m\u00f6chten wir f\u00f6rdern. Die Zimmergr\u00f6sse ist mindestens 16m\u00b2 mit eigenem WC und Lavabo inbegriffen.<\/li>\n<li>Der Garten erm\u00f6glicht das Relaxen bei sch\u00f6nem Wetter. Es gibt dort eine gem\u00fctliche Sitzecke und eine Feuerstelle. Seitlich des Gartens befindet sich ein Gartenhaus kombiniert mit einem Kleintierstall. Das Gartenhaus bietet ein heimeliges Ambiente in k\u00e4lteren Jahreszeiten f\u00fcr Abendprogramme, Grillen und spezielle Anl\u00e4sse wie Geburtstagsfeste. Es bietet zus\u00e4tzlich R\u00fcckzugsm\u00f6glichkeiten w\u00e4hrend geregelten Zeiten. Auch Geselligkeiten im Rahmen von kleineren Partys sollen dort stattfinden k\u00f6nnen.<\/li>\n<li>Westseitig liegt der Gem\u00fcsegarten, wo gemeinsame Gartenarbeiten stattfinden. Diese sollen das Verst\u00e4ndnis der Entstehung von Nahrungsmittel f\u00f6rdern, aber auch ein Bestandteil der Besch\u00e4ftigung sein.<\/li>\n<\/ul>\n[\/vc_column_text][\/vc_column_inner][\/vc_row_inner][\/toggle][\/toggles][\/vc_column][\/vc_row][vc_row type=&#8220;in_container&#8220; full_screen_row_position=&#8220;middle&#8220; column_margin=&#8220;default&#8220; column_direction=&#8220;default&#8220; column_direction_tablet=&#8220;default&#8220; column_direction_phone=&#8220;default&#8220; scene_position=&#8220;center&#8220; bottom_padding=&#8220;8%&#8220; text_color=&#8220;dark&#8220; text_align=&#8220;left&#8220; row_border_radius=&#8220;none&#8220; row_border_radius_applies=&#8220;bg&#8220; overflow=&#8220;visible&#8220; overlay_strength=&#8220;0.3&#8243; gradient_direction=&#8220;left_to_right&#8220; shape_divider_position=&#8220;bottom&#8220; bg_image_animation=&#8220;none&#8220; shape_type=&#8220;&#8220;][vc_column column_padding=&#8220;no-extra-padding&#8220; column_padding_tablet=&#8220;inherit&#8220; column_padding_phone=&#8220;inherit&#8220; column_padding_position=&#8220;all&#8220; column_element_direction_desktop=&#8220;default&#8220; column_element_spacing=&#8220;default&#8220; desktop_text_alignment=&#8220;default&#8220; tablet_text_alignment=&#8220;default&#8220; phone_text_alignment=&#8220;default&#8220; background_color_opacity=&#8220;1&#8243; background_hover_color_opacity=&#8220;1&#8243; column_backdrop_filter=&#8220;none&#8220; column_shadow=&#8220;none&#8220; column_border_radius=&#8220;none&#8220; column_link_target=&#8220;_self&#8220; column_position=&#8220;default&#8220; gradient_direction=&#8220;left_to_right&#8220; overlay_strength=&#8220;0.3&#8243; width=&#8220;1\/1&#8243; tablet_width_inherit=&#8220;default&#8220; animation_type=&#8220;default&#8220; bg_image_animation=&#8220;none&#8220; border_type=&#8220;simple&#8220; column_border_width=&#8220;none&#8220; column_border_style=&#8220;solid&#8220;][vc_column_text]\n<h2 style=\"text-align: center;\">Impressionen<\/h2>\n[\/vc_column_text][divider line_type=&#8220;No Line&#8220; custom_height=&#8220;80&#8243;][tabbed_section style=&#8220;minimal_flexible&#8220; tab_color=&#8220;Accent-Color&#8220; vs_content_animation=&#8220;fade&#8220; vs_link_animation=&#8220;opacity&#8220; vs_navigation_alignment=&#8220;left&#8220; vs_navigation_width_2=&#8220;25%&#8220; vs_navigation_func=&#8220;default&#8220; vs_navigation_width=&#8220;regular&#8220; vs_navigation_spacing=&#8220;15px&#8220; vs_navigation_mobile_display=&#8220;visible&#8220; vs_tab_spacing=&#8220;5%&#8220; icon_size=&#8220;24&#8243;][tab icon_family=&#8220;none&#8220; title=&#8220;Wohnen&#8220; id=&#8220;1729872706723-3&#8243; tab_id=&#8220;1729872706724-5&#8243;][vc_gallery type=&#8220;nectarslider_style&#8220; images=&#8220;423,159,150,303,306,279,312,313&#8243; image_loading=&#8220;default&#8220; ns_image_rendering=&#8220;default&#8220; ns_image_aspect_ratio=&#8220;default&#8220; bullet_navigation_style=&#8220;see_through&#8220; onclick=&#8220;link_no&#8220; img_size=&#8220;900 x 600&#8243;][\/tab][tab icon_family=&#8220;none&#8220; title=&#8220;K\u00fcche&#8220; id=&#8220;1729872706741-5&#8243; tab_id=&#8220;1729872706741-6&#8243;][vc_gallery type=&#8220;nectarslider_style&#8220; images=&#8220;269,268,263,264&#8243; image_loading=&#8220;default&#8220; ns_image_rendering=&#8220;default&#8220; ns_image_aspect_ratio=&#8220;default&#8220; bullet_navigation_style=&#8220;see_through&#8220; onclick=&#8220;link_no&#8220; img_size=&#8220;900 x 600&#8243;][\/tab][tab icon_family=&#8220;none&#8220; title=&#8220;Fitnessraum \/ Schlagzeug&#8220; id=&#8220;1729872706752-8&#8243; tab_id=&#8220;1729872706752-8&#8243;][vc_gallery type=&#8220;nectarslider_style&#8220; images=&#8220;307&#8243; image_loading=&#8220;default&#8220; ns_image_rendering=&#8220;default&#8220; ns_image_aspect_ratio=&#8220;default&#8220; bullet_navigation_style=&#8220;see_through&#8220; onclick=&#8220;link_no&#8220; img_size=&#8220;900 x 600&#8243;][vc_column_text][\/vc_column_text][\/tab][tab icon_family=&#8220;none&#8220; title=&#8220;Partyraum&#8220; id=&#8220;1729872706768-8&#8243; tab_id=&#8220;1729872706768-9&#8243;][vc_gallery type=&#8220;nectarslider_style&#8220; images=&#8220;423,422,421&#8243; image_loading=&#8220;default&#8220; ns_image_rendering=&#8220;default&#8220; ns_image_aspect_ratio=&#8220;default&#8220; bullet_navigation_style=&#8220;see_through&#8220; onclick=&#8220;link_no&#8220; img_size=&#8220;900 x 600&#8243;][\/tab][tab icon_family=&#8220;none&#8220; title=&#8220;Umgebung&#8220; id=&#8220;1729872706782-0&#8243; tab_id=&#8220;1729872706786-10&#8243;][vc_gallery type=&#8220;nectarslider_style&#8220; images=&#8220;852,419,258,160,310,285&#8243; image_loading=&#8220;default&#8220; ns_image_rendering=&#8220;default&#8220; ns_image_aspect_ratio=&#8220;default&#8220; bullet_navigation_style=&#8220;see_through&#8220; onclick=&#8220;link_no&#8220; img_size=&#8220;900 x 600&#8243;][\/tab][\/tabbed_section][\/vc_column][\/vc_row]\n","protected":false},"excerpt":{"rendered":"<p>[vc_row type=&#8220;full_width_content&#8220; full_screen_row_position=&#8220;middle&#8220; column_margin=&#8220;default&#8220; column_direction=&#8220;default&#8220; column_direction_tablet=&#8220;default&#8220; column_direction_phone=&#8220;default&#8220; bg_color=&#8220;#e2e2e2&#8243; bg_image=&#8220;852&#8243; bg_position=&#8220;center bottom&#8220; background_image_loading=&#8220;default&#8220; bg_repeat=&#8220;no-repeat&#8220; scene_position=&#8220;center&#8220; text_color=&#8220;dark&#8220; text_align=&#8220;left&#8220; row_border_radius=&#8220;none&#8220; row_border_radius_applies=&#8220;bg&#8220; zindex=&#8220;-1&#8243; overflow=&#8220;visible&#8220; enable_gradient=&#8220;true&#8220; color_overlay_2=&#8220;#333333&#8243; overlay_strength=&#8220;0.5&#8243; gradient_direction=&#8220;top_to_bottom&#8220; shape_divider_position=&#8220;bottom&#8220; bg_image_animation=&#8220;none&#8220; parallax_bg=&#8220;true&#8220; parallax_bg_speed=&#8220;slow&#8220; shape_type=&#8220;&#8220;][vc_column column_padding=&#8220;no-extra-padding&#8220;&#8230;<\/p>\n","protected":false},"author":1,"featured_media":0,"parent":0,"menu_order":1,"comment_status":"closed","ping_status":"closed","template":"","meta":{"footnotes":""},"class_list":["post-456","page","type-page","status-publish"],"_links":{"self":[{"href":"https:\/\/wg-chramershus.ch\/page\/wp-json\/wp\/v2\/pages\/456","targetHints":{"allow":["GET"]}}],"collection":[{"href":"https:\/\/wg-chramershus.ch\/page\/wp-json\/wp\/v2\/pages"}],"about":[{"href":"https:\/\/wg-chramershus.ch\/page\/wp-json\/wp\/v2\/types\/page"}],"author":[{"embeddable":true,"href":"https:\/\/wg-chramershus.ch\/page\/wp-json\/wp\/v2\/users\/1"}],"replies":[{"embeddable":true,"href":"https:\/\/wg-chramershus.ch\/page\/wp-json\/wp\/v2\/comments?post=456"}],"version-history":[{"count":77,"href":"https:\/\/wg-chramershus.ch\/page\/wp-json\/wp\/v2\/pages\/456\/revisions"}],"predecessor-version":[{"id":1880,"href":"https:\/\/wg-chramershus.ch\/page\/wp-json\/wp\/v2\/pages\/456\/revisions\/1880"}],"wp:attachment":[{"href":"https:\/\/wg-chramershus.ch\/page\/wp-json\/wp\/v2\/media?parent=456"}],"curies":[{"name":"wp","href":"https:\/\/api.w.org\/{rel}","templated":true}]}}